{"id":102,"date":"2015-07-14T16:12:07","date_gmt":"2015-07-14T16:12:07","guid":{"rendered":"http:\/\/test.kriesi.at\/minimal-portfolio\/?page_id=102"},"modified":"2026-02-10T09:58:47","modified_gmt":"2026-02-10T08:58:47","slug":"home","status":"publish","type":"page","link":"https:\/\/amt-doberan-land.de\/leichte-sprache\/","title":{"rendered":"Home"},"content":{"rendered":"<div id='av_section_1'  class='avia-section av-urx3y-72595efe4db77312e098ec029cd54322 main_color avia-section-default avia-no-border-styling  avia-builder-el-0  el_before_av_section  avia-builder-el-first  avia-bg-style-scroll container_wrap fullsize'  ><div class='container av-section-cont-open' ><main  role=\"main\" itemprop=\"mainContentOfPage\"  class='template-page content  av-content-full alpha units'><div class='post-entry post-entry-type-page post-entry-102'><div class='entry-content-wrapper clearfix'>\n\n<style type=\"text\/css\" data-created_by=\"avia_inline_auto\" id=\"style-css-av-ew8v2-bb99f38f0a0e0b6903311c950272c1f5\">\n#top .hr.av-ew8v2-bb99f38f0a0e0b6903311c950272c1f5{\nmargin-top:30px;\nmargin-bottom:30px;\n}\n.hr.av-ew8v2-bb99f38f0a0e0b6903311c950272c1f5 .hr-inner{\nwidth:100px;\nborder-color:#006caf;\n}\n<\/style>\n<div  class='hr av-ew8v2-bb99f38f0a0e0b6903311c950272c1f5 hr-custom  avia-builder-el-1  el_before_av_heading  avia-builder-el-first  hr-center hr-icon-no'><span class='hr-inner inner-border-av-border-thin'><span class=\"hr-inner-style\"><\/span><\/span><\/div>\n\n<style type=\"text\/css\" data-created_by=\"avia_inline_auto\" id=\"style-css-av-brjri-8c55e0884dfbd22b8a7f61cacec7f4fb\">\n#top .av-special-heading.av-brjri-8c55e0884dfbd22b8a7f61cacec7f4fb{\npadding-bottom:10px;\n}\nbody .av-special-heading.av-brjri-8c55e0884dfbd22b8a7f61cacec7f4fb .av-special-heading-tag .heading-char{\nfont-size:25px;\n}\n.av-special-heading.av-brjri-8c55e0884dfbd22b8a7f61cacec7f4fb .av-subheading{\nfont-size:15px;\n}\n<\/style>\n<div  class='av-special-heading av-brjri-8c55e0884dfbd22b8a7f61cacec7f4fb av-special-heading-h1 blockquote modern-quote modern-centered  avia-builder-el-2  el_after_av_hr  el_before_av_hr '><h1 class='av-special-heading-tag'  itemprop=\"headline\"  >Herzlich Willkommen auf der<br \/>\nInternet-Seite des Amtes Bad Doberan-Land<\/h1><div class=\"special-heading-border\"><div class=\"special-heading-inner-border\"><\/div><\/div><\/div>\n\n<style type=\"text\/css\" data-created_by=\"avia_inline_auto\" id=\"style-css-av-a9opy-6d93caa4bb9a432ae9ad830ac401d097\">\n#top .hr.av-a9opy-6d93caa4bb9a432ae9ad830ac401d097{\nmargin-top:30px;\nmargin-bottom:30px;\n}\n.hr.av-a9opy-6d93caa4bb9a432ae9ad830ac401d097 .hr-inner{\nwidth:100px;\nborder-color:#006caf;\n}\n<\/style>\n<div  class='hr av-a9opy-6d93caa4bb9a432ae9ad830ac401d097 hr-custom  avia-builder-el-3  el_after_av_heading  el_before_av_one_full  hr-center hr-icon-no'><span class='hr-inner inner-border-av-border-thin'><span class=\"hr-inner-style\"><\/span><\/span><\/div>\n\n<style type=\"text\/css\" data-created_by=\"avia_inline_auto\" id=\"style-css-av-158na-5fc6e4a3ad9fbd948a6c7670b9eeb443\">\n.flex_column.av-158na-5fc6e4a3ad9fbd948a6c7670b9eeb443{\n-webkit-border-radius:0px 0px 0px 0px;\n-moz-border-radius:0px 0px 0px 0px;\nborder-radius:0px 0px 0px 0px;\npadding:0px 0px 0px 0px;\n}\n<\/style>\n<div class='flex_column av-158na-5fc6e4a3ad9fbd948a6c7670b9eeb443 av_one_full  avia-builder-el-4  el_after_av_hr  el_before_av_toggle_container  first flex_column_div av-zero-column-padding '     ><section  class='av_textblock_section av-7vql2-927bf304bce59e1304b809ff5b8f1f05'  itemscope=\"itemscope\" itemtype=\"https:\/\/schema.org\/CreativeWork\" ><div class='avia_textblock'  itemprop=\"text\" ><p>Sie sind auf der Internet-Seite des Amtes Bad Doberan-Land. Auf dieser Internet-Seite k\u00f6nnen Sie <strong>Informationen \u00fcber das Amt Bad Doberan-Land in leichter Sprache lesen<\/strong>. Damit m\u00f6chten wir unsere Inhalte m\u00f6glichst vielen Lesern zug\u00e4nglich machen. <strong>Leichte Sprache ist f\u00fcr viele Menschen hilfreich<\/strong><\/p>\n<\/div><\/section><\/div>\n<style type=\"text\/css\" data-created_by=\"avia_inline_auto\" id=\"style-css-av-j0xhi-42c27131a707bead46d57df85448c5ff\">\n#top .togglecontainer.av-j0xhi-42c27131a707bead46d57df85448c5ff p.toggler{\ncolor:#024d78;\n}\n#top .togglecontainer.av-j0xhi-42c27131a707bead46d57df85448c5ff p.toggler:not(.activeTitle):hover{\ncolor:#ffffff;\nbackground-color:#0167aa;\n}\n#top .togglecontainer.av-j0xhi-42c27131a707bead46d57df85448c5ff p.toggler:not(.activeTitle):hover .toggle_icon, #top .togglecontainer.av-j0xhi-42c27131a707bead46d57df85448c5ff p.toggler:not(.activeTitle):hover .toggle_icon *{\nborder-color:#ffffff !important;\n}\n#top .togglecontainer.av-j0xhi-42c27131a707bead46d57df85448c5ff p.toggler .toggle_icon{\ncolor:#024d78;\nborder-color:#024d78;\n}\n#top .togglecontainer.av-j0xhi-42c27131a707bead46d57df85448c5ff .toggle_wrap .toggle_content{\ncolor:#024d78;\n}\n<\/style>\n<div  class='togglecontainer av-j0xhi-42c27131a707bead46d57df85448c5ff  avia-builder-el-6  el_after_av_one_full  el_before_av_hr  toggle_close_all' >\n<section class='av_toggle_section av-76n1a-b8c4ea12bb70808bb492f6bcef9aadfd'  itemscope=\"itemscope\" itemtype=\"https:\/\/schema.org\/CreativeWork\" ><div role=\"tablist\" class=\"single_toggle\" data-tags=\"{Alle} \"  ><p data-fake-id='#toggle-id-1' class='toggler   av-inherit-font-color hasCustomColor'  itemprop=\"headline\"  role='tab' tabindex='0' aria-controls='toggle-id-1'>Hier finden Sie Hilfe bei der Bedienung dieser Internet-Seite:<span class=\"toggle_icon\"><span class=\"vert_icon\"><\/span><span class=\"hor_icon\"><\/span><\/span><\/p><div id='toggle-id-1' class='toggle_wrap  '  ><div class='toggle_content invers-color av-inherit-font-color hasCustomColor'  itemprop=\"text\" ><h2>Was ist ein Link?<\/h2>\n<p>Immer wenn Sie auf dieser Seite ein Wort in roter Farbe mit einem Unterstrich finden, k\u00f6nnen Sie dieses Wort anklicken. Dann kommen Sie zu einer Seite mit weiteren Informationen zu diesem Wort oder Thema.<\/p>\n<p><img loading=\"lazy\" decoding=\"async\" class=\"alignnone size-full wp-image-831\" src=\"https:\/\/amt-doberan-land.de\/leichte-sprache\/wp-content\/uploads\/ein-link.jpg\" alt=\"Das ist ein Text-Link\" width=\"800\" height=\"89\" srcset=\"https:\/\/amt-doberan-land.de\/leichte-sprache\/wp-content\/uploads\/ein-link.jpg 800w, https:\/\/amt-doberan-land.de\/leichte-sprache\/wp-content\/uploads\/ein-link-300x33.jpg 300w, https:\/\/amt-doberan-land.de\/leichte-sprache\/wp-content\/uploads\/ein-link-768x85.jpg 768w, https:\/\/amt-doberan-land.de\/leichte-sprache\/wp-content\/uploads\/ein-link-705x78.jpg 705w\" sizes=\"(max-width: 800px) 100vw, 800px\" \/><\/p>\n<h2>Was ist eine Rubrik?<\/h2>\n<p>Oben auf dieser Seite finden Sie verschiedene Rubriken.<\/p>\n<p><img loading=\"lazy\" decoding=\"async\" class=\"alignnone wp-image-1348 size-full\" src=\"https:\/\/amt-doberan-land.de\/leichte-sprache\/wp-content\/uploads\/rubrik.jpg\" alt=\"Das sind die Rubriken auf dieser Internet-Seite\" width=\"800\" height=\"426\" srcset=\"https:\/\/amt-doberan-land.de\/leichte-sprache\/wp-content\/uploads\/rubrik.jpg 800w, https:\/\/amt-doberan-land.de\/leichte-sprache\/wp-content\/uploads\/rubrik-300x160.jpg 300w, https:\/\/amt-doberan-land.de\/leichte-sprache\/wp-content\/uploads\/rubrik-768x409.jpg 768w, https:\/\/amt-doberan-land.de\/leichte-sprache\/wp-content\/uploads\/rubrik-705x375.jpg 705w\" sizes=\"(max-width: 800px) 100vw, 800px\" \/><\/p>\n<h2>Was ist ein Tool-Tip oder Hinweis-Fenster?<\/h2>\n<p>Immer wenn Sie auf der Seite ein Wort mit einem gepunkteten Unterstrich finden, k\u00f6nnen Sie mit der Maus dar\u00fcber-fahren. Dann erhalten Sie mehr Informationen zu diesem Wort oder Thema.<\/p>\n<p><img loading=\"lazy\" decoding=\"async\" class=\"alignnone size-full wp-image-832\" src=\"https:\/\/amt-doberan-land.de\/leichte-sprache\/wp-content\/uploads\/Hinweis-Fenster.jpg\" alt=\"Das ist ein Hinweis-Fenster.\" width=\"700\" height=\"392\" srcset=\"https:\/\/amt-doberan-land.de\/leichte-sprache\/wp-content\/uploads\/Hinweis-Fenster.jpg 700w, https:\/\/amt-doberan-land.de\/leichte-sprache\/wp-content\/uploads\/Hinweis-Fenster-300x168.jpg 300w\" sizes=\"(max-width: 700px) 100vw, 700px\" \/><\/p>\n<p><img loading=\"lazy\" decoding=\"async\" class=\"alignleft size-full wp-image-1269\" src=\"https:\/\/amt-doberan-land.de\/leichte-sprache\/wp-content\/uploads\/seiteneinstellungen.png\" alt=\"Hier k\u00f6nnen Sie die Seiteneinstellungen ver\u00e4ndern.\" width=\"50\" height=\"51\" srcset=\"https:\/\/amt-doberan-land.de\/leichte-sprache\/wp-content\/uploads\/seiteneinstellungen.png 50w, https:\/\/amt-doberan-land.de\/leichte-sprache\/wp-content\/uploads\/seiteneinstellungen-36x36.png 36w\" sizes=\"(max-width: 50px) 100vw, 50px\" \/>\u00dcber diese Schalt-Fl\u00e4chen am rechten Bild-Rand k\u00f6nnen Sie die Schrift-Gr\u00f6\u00dfe und den Kontrast auf der Seite \u00e4ndern.<\/p>\n<p>\n<style type=\"text\/css\" data-created_by=\"avia_inline_auto\" id=\"style-css-av-u1va-df803b54836f3f510e5ef4590c3772a3\">\n#top .hr.hr-invisible.av-u1va-df803b54836f3f510e5ef4590c3772a3{\nheight:30px;\n}\n<\/style>\n<div  class='hr av-u1va-df803b54836f3f510e5ef4590c3772a3 hr-invisible  avia-builder-el-7  el_before_av_button  avia-builder-el-first '><span class='hr-inner '><span class=\"hr-inner-style\"><\/span><\/span><\/div><br \/>\n<div  class='avia-button-wrap av-bqtj2-c54caadfb47aa89fab8c41c8bcd7974b-wrap avia-button-left  avia-builder-el-8  el_after_av_hr  avia-builder-el-last '><a href='https:\/\/www.amt-doberan-land.de\/leichte-sprache\/'  class='avia-button av-bqtj2-c54caadfb47aa89fab8c41c8bcd7974b avia-icon_select-yes-left-icon avia-size-medium avia-position-left avia-color-dark'  ><span class='avia_button_icon avia_button_icon_left' aria-hidden='true' data-av_icon='\ue811' data-av_iconfont='entypo-fontello'><\/span><span class='avia_iconbox_title' >Diese Hinweise schlie\u00dfen<\/span><\/a><\/div><\/p>\n<\/div><\/div><\/div><\/section>\n<\/div>\n\n<style type=\"text\/css\" data-created_by=\"avia_inline_auto\" id=\"style-css-av-kbmb87sd-7f9fd9fc784f51fc691ebac7263274e6\">\n#top .hr.hr-invisible.av-kbmb87sd-7f9fd9fc784f51fc691ebac7263274e6{\nheight:50px;\n}\n<\/style>\n<div  class='hr av-kbmb87sd-7f9fd9fc784f51fc691ebac7263274e6 hr-invisible  avia-builder-el-9  el_after_av_toggle_container  avia-builder-el-last '><span class='hr-inner '><span class=\"hr-inner-style\"><\/span><\/span><\/div>\n<\/div><\/div><\/main><!-- close content main element --><\/div><\/div><div id='av_section_2'  class='avia-section av-b4ldi-172430aa1c6ff6026b36776acb96c120 main_color avia-section-default avia-no-border-styling  avia-builder-el-10  el_after_av_section  el_before_av_section  avia-bg-style-scroll container_wrap fullsize'  ><div class='container av-section-cont-open' ><div class='template-page content  av-content-full alpha units'><div class='post-entry post-entry-type-page post-entry-102'><div class='entry-content-wrapper clearfix'>\n<div class='flex_column_table av-h7kv2-13a801eba978b706da647289800f92c6 sc-av_one_full av-break-at-tablet-flextable av-equal-height-column-flextable'>\n<style type=\"text\/css\" data-created_by=\"avia_inline_auto\" id=\"style-css-av-h7kv2-13a801eba978b706da647289800f92c6\">\n.flex_column.av-h7kv2-13a801eba978b706da647289800f92c6{\n-webkit-border-radius:0px 0px 0px 0px;\n-moz-border-radius:0px 0px 0px 0px;\nborder-radius:0px 0px 0px 0px;\npadding:0px 0px 0px 0px;\n}\n<\/style>\n<div class='flex_column av-h7kv2-13a801eba978b706da647289800f92c6 av_one_full  avia-builder-el-11  avia-builder-el-no-sibling  first av-break-at-tablet flex_column_table_cell av-equal-height-column av-align-top av-zero-column-padding '     ><section  class='av_textblock_section av-k9ju8j40-47f3f2d3e84235588a83b58c13dd1743'  itemscope=\"itemscope\" itemtype=\"https:\/\/schema.org\/CreativeWork\" ><div class='avia_textblock'  itemprop=\"text\" ><h3>Was macht ein Amt?<\/h3>\n<\/div><\/section><br \/>\n<section  class='av_textblock_section av-k9jubuee-4-5ab417e62785feaa67a23432fd84c51b'  itemscope=\"itemscope\" itemtype=\"https:\/\/schema.org\/CreativeWork\" ><div class='avia_textblock'  itemprop=\"text\" ><div id=\"attachment_694\" style=\"width: 310px\" class=\"wp-caption alignleft\"><img loading=\"lazy\" decoding=\"async\" aria-describedby=\"caption-attachment-694\" class=\"wp-image-694 size-medium\" src=\"https:\/\/amt-doberan-land.de\/leichte-sprache\/wp-content\/uploads\/2020\/04\/amtsgebaeude-amt-doberan-land-300x151.jpg\" alt=\"Das ist das Amts-Geb\u00e4ude des Amtes Bad Doberan-Land in Bad Doberan.\" width=\"300\" height=\"151\" srcset=\"https:\/\/amt-doberan-land.de\/leichte-sprache\/wp-content\/uploads\/2020\/04\/amtsgebaeude-amt-doberan-land-300x151.jpg 300w, https:\/\/amt-doberan-land.de\/leichte-sprache\/wp-content\/uploads\/2020\/04\/amtsgebaeude-amt-doberan-land-768x386.jpg 768w, https:\/\/amt-doberan-land.de\/leichte-sprache\/wp-content\/uploads\/2020\/04\/amtsgebaeude-amt-doberan-land-705x355.jpg 705w, https:\/\/amt-doberan-land.de\/leichte-sprache\/wp-content\/uploads\/2020\/04\/amtsgebaeude-amt-doberan-land.jpg 785w\" sizes=\"(max-width: 300px) 100vw, 300px\" \/><p id=\"caption-attachment-694\" class=\"wp-caption-text\">Das ist das Amts-Geb\u00e4ude des Amtes Bad Doberan-Land in Bad Doberan.<\/p><\/div>\n<p>Das Amt Bad Doberan-Land verwaltet 9 Gemeinden mit ungef\u00e4hr 12.000 Einwohnern.<\/p>\n<p>Das Amt Bad Doberan-Land k\u00fcmmert sich um alle Verwaltungs-Aufgaben f\u00fcr die B\u00fcrger.<\/p>\n<p>Damit sparen die Gemeinden Geld und Personal.<\/p>\n<p>Der <strong>ehren-amtliche Amts-Vorsteher Horst Hagemeister <\/strong>ist der Vertreter des Amtes und<br \/>\nVorsitzender des <span class='tooltipsall tooltipsincontent classtoolTips2'>Amts-ausschusses<\/span>.<\/p>\n<\/div><\/section><\/p><\/div><\/div><!--close column table wrapper. Autoclose: 1 -->\n<\/p>\n<\/div><\/div><\/div><!-- close content main div --><\/div><\/div><div id='aktuell'  class='avia-section av-b4ldi-3-0dc01de40097f4d110999af485844ba1 main_color avia-section-default avia-shadow  avia-builder-el-14  el_after_av_section  avia-builder-el-last  avia-bg-style-scroll container_wrap fullsize'  ><div class='container av-section-cont-open' ><div class='template-page content  av-content-full alpha units'><div class='post-entry post-entry-type-page post-entry-102'><div class='entry-content-wrapper clearfix'>\n<div class='flex_column_table av-h7kv2-2-401071b4195668c485306fed39deca67 sc-av_one_full av-break-at-tablet-flextable av-equal-height-column-flextable'>\n<style type=\"text\/css\" data-created_by=\"avia_inline_auto\" id=\"style-css-av-h7kv2-2-401071b4195668c485306fed39deca67\">\n.flex_column.av-h7kv2-2-401071b4195668c485306fed39deca67{\n-webkit-border-radius:0px 0px 0px 0px;\n-moz-border-radius:0px 0px 0px 0px;\nborder-radius:0px 0px 0px 0px;\npadding:0px 0px 0px 0px;\n}\n<\/style>\n<div class='flex_column av-h7kv2-2-401071b4195668c485306fed39deca67 av_one_full  avia-builder-el-15  avia-builder-el-no-sibling  first av-break-at-tablet flex_column_table_cell av-equal-height-column av-align-top av-zero-column-padding '     ><p><section  class='av_textblock_section av-kbkwq0ta-afd6f11c97f9f67dd79ba77c1ee54e94'  itemscope=\"itemscope\" itemtype=\"https:\/\/schema.org\/CreativeWork\" ><div class='avia_textblock'  itemprop=\"text\" ><p><em>* Diese Links \u00f6ffnen Beitr\u00e4ge in Alltagssprache.<\/em><\/p>\n<\/div><\/section><br \/>\n<div  class='avia-builder-widget-area clearfix  avia-builder-el-17  el_after_av_textblock  avia-builder-el-last '><div id=\"rssimport-2\" class=\"widget clearfix rssimport\"><h3 class=\"widgettitle\">Aktuelles und Bekanntmachungen*<\/h3><ul><!--via SimplePie with RSSImport--><li><a href=\"https:\/\/www.amt-doberan-land.de\/gemeindevertretung-ostseebad-nienhagen\/\" title=\"Gemeindevertretung Ostseebad Nienhagen\">Gemeindevertretung Ostseebad Nienhagen<\/a><\/li><li><a href=\"https:\/\/www.amt-doberan-land.de\/haushaltssatzung-der-gemeinde-steffenshagen-2026-2027\/\" title=\"Haushaltssatzung der Gemeinde Steffenshagen 2026\/2027\">Haushaltssatzung der Gemeinde Steffenshagen 2026\/2027<\/a><\/li><li><a href=\"https:\/\/www.amt-doberan-land.de\/tag-der-offenen-tuer-2026-landkreis-rostock\/\" title=\"Tag der offenen T\u00fcr 2026 \u2013 Landkreis Rostock\">Tag der offenen T\u00fcr 2026 \u2013 Landkreis Rostock<\/a><\/li><li><a href=\"https:\/\/www.amt-doberan-land.de\/auslegung-der-fruehzeitigen-oeffentlichkeitsbeteiligung-gem-%C2%A7-3-abs-1-baugb-des-bebauungsplans-nr-18-wohnen-an-der-hauptstrasse-suedlich-der-b-105-der-gemeinde-admannshagen-bargeshagen\/\" title=\"Auslegung der fr\u00fchzeitigen \u00d6ffentlichkeitsbeteiligung gem. \u00a7 3 Abs.  1 BauGB des Bebauungsplans Nr. 18 \u201eWohnen an der Hauptstra\u00dfe\u201c s\u00fcdlich der B 105 der Gemeinde Admannshagen-Bargeshagen\">Auslegung der fr\u00fchzeitigen \u00d6ffentlichkeitsbeteiligung gem. \u00a7 3 Abs.  1 BauGB des Bebauungsplans Nr. 18 \u201eWohnen an der Hauptstra\u00dfe\u201c s\u00fcdlich der B 105 der Gemeinde Admannshagen-Bargeshagen<\/a><\/li><li><a href=\"https:\/\/www.amt-doberan-land.de\/sachbearbeitung-gewerbe-m-w-d\/\" title=\"Sachbearbeitung Gewerbe (m\/w\/d)\">Sachbearbeitung Gewerbe (m\/w\/d)<\/a><\/li><li><a href=\"https:\/\/www.amt-doberan-land.de\/tourismusausschuss-ostseebad-nienhagen\/\" title=\"Tourismusausschuss Ostseebad Nienhagen\">Tourismusausschuss Ostseebad Nienhagen<\/a><\/li><li><a href=\"https:\/\/www.amt-doberan-land.de\/auslegung-der-fruehzeitigen-oeffentlichkeitsbeteiligung-gemaess-%C2%A7-3-abs-1-baugb-der-1-aend-des-flaechennutzungsplans-der-gemeinde-hohenfelde\/\" title=\"Auslegung der fr\u00fchzeitigen \u00d6ffentlichkeitsbeteiligung gem\u00e4\u00df \u00a7 3 Abs. 1 BauGB der 1. \u00c4nd. des Fl\u00e4chennutzungsplans der Gemeinde Hohenfelde\">Auslegung der fr\u00fchzeitigen \u00d6ffentlichkeitsbeteiligung gem\u00e4\u00df \u00a7 3 Abs. 1 BauGB der 1. \u00c4nd. des Fl\u00e4chennutzungsplans der Gemeinde Hohenfelde<\/a><\/li><li><a href=\"https:\/\/www.amt-doberan-land.de\/bauausschuss-ostseebad-nienhagen\/\" title=\"Bauausschuss Ostseebad Nienhagen\">Bauausschuss Ostseebad Nienhagen<\/a><\/li><li><a href=\"https:\/\/www.amt-doberan-land.de\/schulausschuss-amt-bad-doberan-land\/\" title=\"Schulausschuss Amt Bad Doberan-Land\">Schulausschuss Amt Bad Doberan-Land<\/a><\/li><li><a href=\"https:\/\/www.amt-doberan-land.de\/amtliche-bekanntmachung-der-fruehzeitigen-oeffentlichkeitsbeteiligung-gemaess-%C2%A7-3-abs-1-baugb-ueber-die-satzung-des-bebauungsplans-nr-18-wohnen-an-der-hauptstrasse-suedlich-der-b-105-der-ge\/\" title=\"Amtliche Bekanntmachung der fr\u00fchzeitigen \u00d6ffentlichkeitsbeteiligung gem\u00e4\u00df \u00a7 3 Abs. 1 BauGB \u00fcber die Satzung des Bebauungsplans Nr. 18 \u201eWohnen an der Hauptstra\u00dfe\u201c s\u00fcdlich der B 105 der Gemeinde Admannshagen-Bargeshagen\">Amtliche Bekanntmachung der fr\u00fchzeitigen \u00d6ffentlichkeitsbeteiligung gem\u00e4\u00df \u00a7 3 Abs. 1 BauGB \u00fcber die Satzung des Bebauungsplans Nr. 18 \u201eWohnen an der Hauptstra\u00dfe\u201c s\u00fcdlich der B 105 der Gemeinde Admannshagen-Bargeshagen<\/a><\/li><\/ul><\/div><\/div><\/p><\/div><\/div><!--close column table wrapper. Autoclose: 1 -->\n\n<script type=\"text\/javascript\"> toolTips('.classtoolTips2','Der Amts-Ausschuss ist die Leitung des Amtes und besteht aus den ehrenamtlichen B\u00fcrgermeistern der Gemeinden. Abh\u00e4ngig von der jeweiligen Einwohnerzahl entsenden die Gemeinde-Vertretungen zus\u00e4tzlich noch eine bestimmte Anzahl von Gemeinde-Vertretern in den Amts-Ausschuss.'); <\/script><script type=\"text\/javascript\"> toolTips('.classtoolTips2','Der Amts-Ausschuss ist die Leitung des Amtes und besteht aus den ehrenamtlichen B\u00fcrgermeistern der Gemeinden. Abh\u00e4ngig von der jeweiligen Einwohnerzahl entsenden die Gemeinde-Vertretungen zus\u00e4tzlich noch eine bestimmte Anzahl von Gemeinde-Vertretern in den Amts-Ausschuss.'); <\/script><script type=\"text\/javascript\"> toolTips('.classtoolTips3','Der <strong><span class='tooltipsall tooltipsincontent classtoolTips2'>Amts-Ausschuss<\/span><\/strong> ist das Leitungs-Gremium des Amtes und besteht aus den ehren-amtlichen B\u00fcrgermeistern der Gemeinden. Abh\u00e4ngig von der jeweiligen Einwohnerzahl entsenden die Gemeindevertretungen zus\u00e4tzlich noch eine bestimmte Anzahl von Gemeinde-Vertretern in den Amts-Ausschuss.'); <\/script>","protected":false},"excerpt":{"rendered":"","protected":false},"author":1,"featured_media":0,"parent":0,"menu_order":0,"comment_status":"open","ping_status":"closed","template":"","meta":{"footnotes":""},"_links":{"self":[{"href":"https:\/\/amt-doberan-land.de\/leichte-sprache\/wp-json\/wp\/v2\/pages\/102"}],"collection":[{"href":"https:\/\/amt-doberan-land.de\/leichte-sprache\/wp-json\/wp\/v2\/pages"}],"about":[{"href":"https:\/\/amt-doberan-land.de\/leichte-sprache\/wp-json\/wp\/v2\/types\/page"}],"author":[{"embeddable":true,"href":"https:\/\/amt-doberan-land.de\/leichte-sprache\/wp-json\/wp\/v2\/users\/1"}],"replies":[{"embeddable":true,"href":"https:\/\/amt-doberan-land.de\/leichte-sprache\/wp-json\/wp\/v2\/comments?post=102"}],"version-history":[{"count":137,"href":"https:\/\/amt-doberan-land.de\/leichte-sprache\/wp-json\/wp\/v2\/pages\/102\/revisions"}],"predecessor-version":[{"id":1767,"href":"https:\/\/amt-doberan-land.de\/leichte-sprache\/wp-json\/wp\/v2\/pages\/102\/revisions\/1767"}],"wp:attachment":[{"href":"https:\/\/amt-doberan-land.de\/leichte-sprache\/wp-json\/wp\/v2\/media?parent=102"}],"curies":[{"name":"wp","href":"https:\/\/api.w.org\/{rel}","templated":true}]}}