{"id":1112,"date":"2020-06-08T12:56:55","date_gmt":"2020-06-08T10:56:55","guid":{"rendered":"https:\/\/www.amt-warnow-west.de\/leichte-sprache\/?page_id=1112"},"modified":"2023-08-23T11:10:55","modified_gmt":"2023-08-23T09:10:55","slug":"parkausweis","status":"publish","type":"page","link":"https:\/\/amt-doberan-land.de\/leichte-sprache\/parkausweis\/","title":{"rendered":"Parkausweis"},"content":{"rendered":"<div id='av_section_1'  class='avia-section av-urx3y-6044255cab96b55648ba6d3a70f67d88 main_color avia-section-default avia-no-border-styling  avia-builder-el-0  avia-builder-el-no-sibling  avia-bg-style-scroll container_wrap fullsize'  ><div class='container av-section-cont-open' ><main  role=\"main\" itemprop=\"mainContentOfPage\"  class='template-page content  av-content-full alpha units'><div class='post-entry post-entry-type-page post-entry-1112'><div class='entry-content-wrapper clearfix'>\n\n<style type=\"text\/css\" data-created_by=\"avia_inline_auto\" id=\"style-css-av-av_heading-da3301ae1577fc1adccce74d72ad91c0\">\n#top .av-special-heading.av-av_heading-da3301ae1577fc1adccce74d72ad91c0{\npadding-bottom:10px;\n}\nbody .av-special-heading.av-av_heading-da3301ae1577fc1adccce74d72ad91c0 .av-special-heading-tag .heading-char{\nfont-size:25px;\n}\n.av-special-heading.av-av_heading-da3301ae1577fc1adccce74d72ad91c0 .av-subheading{\nfont-size:15px;\n}\n<\/style>\n<div  class='av-special-heading av-av_heading-da3301ae1577fc1adccce74d72ad91c0 av-special-heading-h1 blockquote modern-quote modern-centered  avia-builder-el-1  el_before_av_hr  avia-builder-el-first '><h1 class='av-special-heading-tag'  itemprop=\"headline\"  >Park-<span class='tooltipsall tooltipsincontent classtoolTips5'>Ausweis<\/span> f\u00fcr Menschen mit Behinderungen<\/h1><div class=\"special-heading-border\"><div class=\"special-heading-inner-border\"><\/div><\/div><\/div>\n\n<style type=\"text\/css\" data-created_by=\"avia_inline_auto\" id=\"style-css-av-mfefq-488c8e8d7f9ef3e07ef57f2e182cbbc3\">\n#top .hr.av-mfefq-488c8e8d7f9ef3e07ef57f2e182cbbc3{\nmargin-top:30px;\nmargin-bottom:30px;\n}\n.hr.av-mfefq-488c8e8d7f9ef3e07ef57f2e182cbbc3 .hr-inner{\nwidth:100px;\nborder-color:#006caf;\n}\n<\/style>\n<div  class='hr av-mfefq-488c8e8d7f9ef3e07ef57f2e182cbbc3 hr-custom  avia-builder-el-2  el_after_av_heading  el_before_av_one_full  hr-center hr-icon-no'><span class='hr-inner inner-border-av-border-thin'><span class=\"hr-inner-style\"><\/span><\/span><\/div>\n\n<style type=\"text\/css\" data-created_by=\"avia_inline_auto\" id=\"style-css-av-158na-17cfbb7ef5fc18b0512ced43eb611183\">\n.flex_column.av-158na-17cfbb7ef5fc18b0512ced43eb611183{\n-webkit-border-radius:0px 0px 0px 0px;\n-moz-border-radius:0px 0px 0px 0px;\nborder-radius:0px 0px 0px 0px;\npadding:0px 0px 0px 0px;\n}\n<\/style>\n<div class='flex_column av-158na-17cfbb7ef5fc18b0512ced43eb611183 av_one_full  avia-builder-el-3  el_after_av_hr  el_before_av_hr  first av-break-at-tablet flex_column_div av-zero-column-padding '     ><section  class='av_textblock_section av-k9jubuee-bb74d3a8afe8ebdae2f2f946937bbdb6'  itemscope=\"itemscope\" itemtype=\"https:\/\/schema.org\/CreativeWork\" ><div class='avia_textblock'  itemprop=\"text\" ><p><img loading=\"lazy\" decoding=\"async\" class=\"alignleft wp-image-1123 size-full\" src=\"https:\/\/www.amt-warnow-west.de\/leichte-sprache\/wp-content\/uploads\/Rollstuhlfahrerin-cKassing-Probebild.jpg\" alt=\"Rollstuhl-Fahrerin\" width=\"300\" height=\"300\" \/>Mit einem Park-Ausweis f\u00fcr Menschen mit Behinderungen kann man auf besonderen Parkpl\u00e4tzen parken.<\/p>\n<p>Diese Park-Pl\u00e4tze hei\u00dfen: Schwerbehinderten-Parkpl\u00e4tze.<\/p>\n<p>Diese Parkpl\u00e4tze sind zum Beispiel in der N\u00e4he von L\u00e4den, Superm\u00e4rkten und Einkaufs-Zentren.<\/p>\n<p>So m\u00fcssen Menschen mit Behinderungen nicht so weit laufen.<\/p>\n<p>Sie m\u00f6chten einen Park-Ausweis f\u00fcr Menschen mit Behinderungen?<\/p>\n<p>Hier bekommen Sie alle Informationen zum Park-Ausweis f\u00fcr Menschen mit Behinderungen.<\/p>\n<\/div><\/section><\/div>\n<style type=\"text\/css\" data-created_by=\"avia_inline_auto\" id=\"style-css-av-kachocvk-97fdc527240c58199f885ce1f7a96afa\">\n#top .hr.hr-invisible.av-kachocvk-97fdc527240c58199f885ce1f7a96afa{\nheight:30px;\n}\n<\/style>\n<div  class='hr av-kachocvk-97fdc527240c58199f885ce1f7a96afa hr-invisible  avia-builder-el-5  el_after_av_one_full  el_before_av_one_full '><span class='hr-inner '><span class=\"hr-inner-style\"><\/span><\/span><\/div>\n\n<style type=\"text\/css\" data-created_by=\"avia_inline_auto\" id=\"style-css-av-cud1c-17aa00a7b0118438962ae29caa4aeb20\">\n.flex_column.av-cud1c-17aa00a7b0118438962ae29caa4aeb20{\n-webkit-border-radius:0px 0px 0px 0px;\n-moz-border-radius:0px 0px 0px 0px;\nborder-radius:0px 0px 0px 0px;\npadding:0px 0px 0px 0px;\n}\n<\/style>\n<div class='flex_column av-cud1c-17aa00a7b0118438962ae29caa4aeb20 av_one_full  avia-builder-el-6  el_after_av_hr  el_before_av_one_full  first flex_column_div av-zero-column-padding '     ><section  class='av_textblock_section av-kapi61ro-66636196a92c56cb3f57c28322c52a05'  itemscope=\"itemscope\" itemtype=\"https:\/\/schema.org\/CreativeWork\" ><div class='avia_textblock'  itemprop=\"text\" ><h3>Der blaue Park-Ausweis f\u00fcr Menschen mit Behinderungen<\/h3>\n<p><img loading=\"lazy\" decoding=\"async\" class=\"alignleft wp-image-1127 size-full\" src=\"https:\/\/www.amt-warnow-west.de\/leichte-sprache\/wp-content\/uploads\/parken.jpg\" alt=\"Park-Ausweis f\u00fcr Menschen mit Behinderungen\" width=\"250\" height=\"152\" \/>Wenn Sie den blauen Park-Ausweis f\u00fcr Menschen mit Behinderungen beantragen m\u00f6chten,<br \/>\nm\u00fcssen Sie diese Voraussetzungen erf\u00fcllen:<\/p>\n<p>Sie m\u00fcssen Ihren Hauptwohnsitz im Amts-Bereich Bad Doberan-Land haben<br \/>\nSie m\u00fcssen einen Schwerbehinderten-Ausweis haben.<br \/>\nIhr Schwerbehinderten-Ausweis muss g\u00fcltig sein.<\/p>\n<div  class='hr av-6dbc7s-7617d0fa8afccc4b2020ae22f118e53e hr-default  avia-builder-el-8  el_before_av_hr  avia-builder-el-first '><span class='hr-inner '><span class=\"hr-inner-style\"><\/span><\/span><\/div>\n<h3>Wie bekommen Sie einen Park-Ausweis f\u00fcr Menschen mit Behinderungen<\/h3>\n<p>Um einen blauen Park-Ausweis f\u00fcr Menschen mit Behinderungen zu bekommen, m\u00fcssen Sie einen Antrag stellen.<\/p>\n<p>Sie haben eine <strong>&#8222;Bescheinigung zur Vorlage bei der Stra\u00dfen-Verkehrs-Beh\u00f6rde&#8220;<\/strong> ?<br \/>\nDann k\u00f6nnen diese Bescheinigung zu uns bringen.<\/p>\n<p>Au\u00dferdem ben\u00f6tigen Sie ein Pass-Foto.<\/p>\n<p>Wenn Sie Hilfe bei diesem Antrag ben\u00f6tigen helfen Ihnen der Mitarbeiter*innen im Amt gerne.<\/p>\n<div  class='hr av-4m4ti0-3b77f0c715af1c1a9fa23886797605b0 hr-default  avia-builder-el-9  el_after_av_hr  el_before_av_hr '><span class='hr-inner '><span class=\"hr-inner-style\"><\/span><\/span><\/div>\n<h3>Der orange-farbene Park-Ausweis f\u00fcr Menschen mit besonderen Erkrankungen<\/h3>\n<p>Der orange-farbene Park-Ausweis ist ein besonderer Ausweis. Dieser Ausweis ist nur f\u00fcr Menschen mit besonderen Erkrankungen gedacht.<\/p>\n<p>Im Amt Bad Doberan-Land k\u00f6nnen wir Ihnen weitere Informationen zu diesem Park-Ausweis geben.<\/p>\n<div  class='hr av-2djdc8-bc8388f400f352f5eb6852af2c656803 hr-default  avia-builder-el-10  el_after_av_hr  avia-builder-el-last '><span class='hr-inner '><span class=\"hr-inner-style\"><\/span><\/span><\/div>\n<h3>Der Park-Ausweis f\u00fcr Menschen mit Behinderungen ist kostenlos.<\/h3>\n<\/div><\/section><\/div>\n<style type=\"text\/css\" data-created_by=\"avia_inline_auto\" id=\"style-css-av-kaphsy90-a1b6b00f155c068f00c2305e1b27cf6b\">\n.flex_column.av-kaphsy90-a1b6b00f155c068f00c2305e1b27cf6b{\nborder-width:2px;\nborder-color:#002860;\nborder-style:solid;\n-webkit-border-radius:0px 0px 0px 0px;\n-moz-border-radius:0px 0px 0px 0px;\nborder-radius:0px 0px 0px 0px;\npadding:30px 30px 30px 30px;\n}\n<\/style>\n<div class='flex_column av-kaphsy90-a1b6b00f155c068f00c2305e1b27cf6b av_one_full  avia-builder-el-11  el_after_av_one_full  el_before_av_one_full  first flex_column_div column-top-margin'     ><section  class='av_textblock_section av-kaphsgk7-6abce8789e1f96a09fd64c9bb91bd8c7'  itemscope=\"itemscope\" itemtype=\"https:\/\/schema.org\/CreativeWork\" ><div class='avia_textblock'  itemprop=\"text\" ><h3><img loading=\"lazy\" decoding=\"async\" class=\"alignnone wp-image-1401 size-full\" src=\"https:\/\/amt-doberan-land.de\/leichte-sprache\/wp-content\/uploads\/Ansprechpartner-Frau-2.png\" alt=\"Ihre Ansprechpartnerin im Amt.\" width=\"121\" height=\"184\" \/><\/h3>\n<h3>Haben Sie Frage oder<br \/>\nben\u00f6tigen Sie Hilfe?<\/h3>\n<p>Telefon: 038203 701 42<br \/>\nE-Mail: <a href=\"mailto:info@doberan-land.de\">info@doberan-land.de<\/a><\/p>\n<\/div><\/section><\/div>\n<style type=\"text\/css\" data-created_by=\"avia_inline_auto\" id=\"style-css-av-822vk-866f3f42b7471b3df230d902619f50ec\">\n.flex_column.av-822vk-866f3f42b7471b3df230d902619f50ec{\n-webkit-border-radius:0px 0px 0px 0px;\n-moz-border-radius:0px 0px 0px 0px;\nborder-radius:0px 0px 0px 0px;\npadding:0px 0px 0px 0px;\n}\n<\/style>\n<div class='flex_column av-822vk-866f3f42b7471b3df230d902619f50ec av_one_full  avia-builder-el-13  el_after_av_one_full  avia-builder-el-last  first flex_column_div av-zero-column-padding column-top-margin'     ><section  class='av_textblock_section av-kapi61ro-66636196a92c56cb3f57c28322c52a05'  itemscope=\"itemscope\" itemtype=\"https:\/\/schema.org\/CreativeWork\" ><div class='avia_textblock'  itemprop=\"text\" ><p>[backlink]<\/p>\n<\/div><\/section><\/div>\n<script type=\"text\/javascript\"> toolTips('.classtoolTips5','Das ist ein Personal-Ausweis der Bundesrepublik Deutschland:<br\/><br\/><img class=\"alignnone size-medium wp-image-727\" src=\"https:\/\/www.amt-warnow-west.de\/leichte-sprache\/wp-content\/uploads\/Personalausweis-300x191.jpg\" alt=\"\" width=\"300\" height=\"191\" \/>'); <\/script><script type=\"text\/javascript\"> toolTips('.classtoolTips6','Das ist ein Personal-Ausweis der Bundesrepublik Deutschland:<br\/><br\/><img class=\"alignnone size-full wp-image-790\" src=\"https:\/\/amt-doberan-land.de\/leichte-sprache\/wp-content\/uploads\/Personalausweis.jpg\" alt=\"Ein Personalausweis der Bundesrepublik Deutschland.\" width=\"600\" height=\"381\" \/>'); <\/script>","protected":false},"excerpt":{"rendered":"","protected":false},"author":1,"featured_media":0,"parent":0,"menu_order":0,"comment_status":"closed","ping_status":"closed","template":"","meta":{"footnotes":""},"_links":{"self":[{"href":"https:\/\/amt-doberan-land.de\/leichte-sprache\/wp-json\/wp\/v2\/pages\/1112"}],"collection":[{"href":"https:\/\/amt-doberan-land.de\/leichte-sprache\/wp-json\/wp\/v2\/pages"}],"about":[{"href":"https:\/\/amt-doberan-land.de\/leichte-sprache\/wp-json\/wp\/v2\/types\/page"}],"author":[{"embeddable":true,"href":"https:\/\/amt-doberan-land.de\/leichte-sprache\/wp-json\/wp\/v2\/users\/1"}],"replies":[{"embeddable":true,"href":"https:\/\/amt-doberan-land.de\/leichte-sprache\/wp-json\/wp\/v2\/comments?post=1112"}],"version-history":[{"count":10,"href":"https:\/\/amt-doberan-land.de\/leichte-sprache\/wp-json\/wp\/v2\/pages\/1112\/revisions"}],"predecessor-version":[{"id":1579,"href":"https:\/\/amt-doberan-land.de\/leichte-sprache\/wp-json\/wp\/v2\/pages\/1112\/revisions\/1579"}],"wp:attachment":[{"href":"https:\/\/amt-doberan-land.de\/leichte-sprache\/wp-json\/wp\/v2\/media?parent=1112"}],"curies":[{"name":"wp","href":"https:\/\/api.w.org\/{rel}","templated":true}]}}