{"id":968,"date":"2020-05-27T17:17:46","date_gmt":"2020-05-27T15:17:46","guid":{"rendered":"https:\/\/www.amt-warnow-west.de\/leichte-sprache\/?page_id=968"},"modified":"2023-08-23T11:14:11","modified_gmt":"2023-08-23T09:14:11","slug":"wahlen","status":"publish","type":"page","link":"https:\/\/amt-doberan-land.de\/leichte-sprache\/wahlen\/","title":{"rendered":"Wahlen"},"content":{"rendered":"<div id='av_section_1'  class='avia-section av-urx3y-6044255cab96b55648ba6d3a70f67d88 main_color avia-section-default avia-no-border-styling  avia-builder-el-0  avia-builder-el-no-sibling  avia-bg-style-scroll container_wrap fullsize'  ><div class='container av-section-cont-open' ><main  role=\"main\" itemprop=\"mainContentOfPage\"  class='template-page content  av-content-full alpha units'><div class='post-entry post-entry-type-page post-entry-968'><div class='entry-content-wrapper clearfix'>\n\n<style type=\"text\/css\" data-created_by=\"avia_inline_auto\" id=\"style-css-av-av_heading-5f1b6b582622f61b9f26dd0f9de963c1\">\n#top .av-special-heading.av-av_heading-5f1b6b582622f61b9f26dd0f9de963c1{\npadding-bottom:10px;\n}\nbody .av-special-heading.av-av_heading-5f1b6b582622f61b9f26dd0f9de963c1 .av-special-heading-tag .heading-char{\nfont-size:25px;\n}\n.av-special-heading.av-av_heading-5f1b6b582622f61b9f26dd0f9de963c1 .av-subheading{\nfont-size:15px;\n}\n<\/style>\n<div  class='av-special-heading av-av_heading-5f1b6b582622f61b9f26dd0f9de963c1 av-special-heading-h1 blockquote modern-quote modern-centered  avia-builder-el-1  el_before_av_hr  avia-builder-el-first '><h1 class='av-special-heading-tag'  itemprop=\"headline\"  >W\u00e4hlen gehen<\/h1><div class=\"special-heading-border\"><div class=\"special-heading-inner-border\"><\/div><\/div><\/div>\n\n<style type=\"text\/css\" data-created_by=\"avia_inline_auto\" id=\"style-css-av-mfefq-488c8e8d7f9ef3e07ef57f2e182cbbc3\">\n#top .hr.av-mfefq-488c8e8d7f9ef3e07ef57f2e182cbbc3{\nmargin-top:30px;\nmargin-bottom:30px;\n}\n.hr.av-mfefq-488c8e8d7f9ef3e07ef57f2e182cbbc3 .hr-inner{\nwidth:100px;\nborder-color:#006caf;\n}\n<\/style>\n<div  class='hr av-mfefq-488c8e8d7f9ef3e07ef57f2e182cbbc3 hr-custom  avia-builder-el-2  el_after_av_heading  el_before_av_one_full  hr-center hr-icon-no'><span class='hr-inner inner-border-av-border-thin'><span class=\"hr-inner-style\"><\/span><\/span><\/div>\n\n<style type=\"text\/css\" data-created_by=\"avia_inline_auto\" id=\"style-css-av-158na-17cfbb7ef5fc18b0512ced43eb611183\">\n.flex_column.av-158na-17cfbb7ef5fc18b0512ced43eb611183{\n-webkit-border-radius:0px 0px 0px 0px;\n-moz-border-radius:0px 0px 0px 0px;\nborder-radius:0px 0px 0px 0px;\npadding:0px 0px 0px 0px;\n}\n<\/style>\n<div class='flex_column av-158na-17cfbb7ef5fc18b0512ced43eb611183 av_one_full  avia-builder-el-3  el_after_av_hr  el_before_av_hr  first av-break-at-tablet flex_column_div av-zero-column-padding '     ><section  class='av_textblock_section av-k9jubuee-bb74d3a8afe8ebdae2f2f946937bbdb6'  itemscope=\"itemscope\" itemtype=\"https:\/\/schema.org\/CreativeWork\" ><div class='avia_textblock'  itemprop=\"text\" ><p><img loading=\"lazy\" decoding=\"async\" class=\"alignleft size-full wp-image-1135\" src=\"https:\/\/www.amt-warnow-west.de\/leichte-sprache\/wp-content\/uploads\/Stimm-Zettel-cKassing-Probebild.jpg\" alt=\"Wahl-Zettel\" width=\"300\" height=\"300\" \/>W\u00e4hlen ist ein Grundrecht f\u00fcr B\u00fcrger und B\u00fcrgerinnen.Das Recht zu w\u00e4hlen geh\u00f6rt zu den wichtigsten Rechten, die B\u00fcrger und B\u00fcrgerinnen in Deutschland haben.<\/p>\n<p>Durch Wahlen k\u00f6nnen Sie in der Politik mitbestimmen.Wahlen in Deutschland sind frei.<br \/>\nDas bedeutet: Bei der Bundestagswahl d\u00fcrfen Sie frei entscheiden,welche Partei und welche Person Sie w\u00e4hlen m\u00f6chten.<\/p>\n<p>Wahlen in Deutschland sind frei.<br \/>\nDas bedeutet: Bei der Bundestagswahl d\u00fcrfen Sie frei entscheiden,welche Partei und welche Person Sie w\u00e4hlen m\u00f6chten.<\/p>\n<p>Ihre Meinung z\u00e4hlt! Sie k\u00f6nnen auch entscheiden, nicht zu w\u00e4hlen.<\/p>\n<\/div><\/section><\/div>\n<style type=\"text\/css\" data-created_by=\"avia_inline_auto\" id=\"style-css-av-kachocvk-97fdc527240c58199f885ce1f7a96afa\">\n#top .hr.hr-invisible.av-kachocvk-97fdc527240c58199f885ce1f7a96afa{\nheight:30px;\n}\n<\/style>\n<div  class='hr av-kachocvk-97fdc527240c58199f885ce1f7a96afa hr-invisible  avia-builder-el-5  el_after_av_one_full  el_before_av_one_full '><span class='hr-inner '><span class=\"hr-inner-style\"><\/span><\/span><\/div>\n\n<style type=\"text\/css\" data-created_by=\"avia_inline_auto\" id=\"style-css-av-cud1c-17aa00a7b0118438962ae29caa4aeb20\">\n.flex_column.av-cud1c-17aa00a7b0118438962ae29caa4aeb20{\n-webkit-border-radius:0px 0px 0px 0px;\n-moz-border-radius:0px 0px 0px 0px;\nborder-radius:0px 0px 0px 0px;\npadding:0px 0px 0px 0px;\n}\n<\/style>\n<div class='flex_column av-cud1c-17aa00a7b0118438962ae29caa4aeb20 av_one_full  avia-builder-el-6  el_after_av_hr  el_before_av_one_full  first flex_column_div av-zero-column-padding '     ><section  class='av_textblock_section av-kapi61ro-66636196a92c56cb3f57c28322c52a05'  itemscope=\"itemscope\" itemtype=\"https:\/\/schema.org\/CreativeWork\" ><div class='avia_textblock'  itemprop=\"text\" ><h3>Wie Sie w\u00e4hlen k\u00f6nnen<\/h3>\n<p>Vor der Wahl bekommen Sie eine Wahl-Benachrichtigung. Sie bekommen die Wahl-Benachrichtigung mit der Post geschickt.<br \/>\nEine Wahl-Benachrichtigung ist eine Einladung zur Wahl. Sie k\u00f6nnen damit w\u00e4hlen gehen.<\/p>\n<p>Haben Sie 3 Wochen vor der Wahl noch keine Wahlbenachrichtigung bekommen?<br \/>\nMelden Sie sich dann bei Ihrer Stadt, Gemeinde oder dem Landkreis.<\/p>\n<p>Auf dieser Wahl-Benachrichtigung steht, an welchem Tag und zu welcher Uhrzeit Sie w\u00e4hlen k\u00f6nnen.<\/p>\n<p>Auf der Wahlbenachrichtigung steht au\u00dferdem, wo Sie w\u00e4hlen k\u00f6nnen.<br \/>\nDen Ort, an dem Sie w\u00e4hlen k\u00f6nnen, nennt man Wahllokal.<br \/>\nDie Adresse steht auf der Wahlbenachrichtigung.<\/p>\n<h3>W\u00e4hlen im Wahllokal<\/h3>\n<p>Am Tag der Wahl gehen Sie in Ihr Wahllokal.<\/p>\n<p>Nehmen Sie bitte Ihren Personal-<span class='tooltipsall tooltipsincontent classtoolTips5'>Ausweis<\/span> oder <span class='tooltipsall tooltipsincontent classtoolTips4'>Reisepass<\/span> mit.<br \/>\nDenken Sie m\u00f6glichst auch an Ihre Wahl-Benachrichtigung.<br \/>\nSie d\u00fcrfen auch w\u00e4hlen, wenn Sie Ihre Wahl-Benachrichtigung verloren haben.<br \/>\nSie brauchen dann nur Ihren Personal-Ausweis oder Ihren Reisepass.<\/p>\n<p><strong>Im Wahllokal<\/strong> sitzen Wahlhelfer und Wahlhelferinnen.<br \/>\nZeigen Sie den Wahlhelfern Ihren Personal-Ausweis oder Reisepass und Ihre Wahl-Benachrichtigung.<br \/>\nDie Wahlhelfer geben Ihnen dann einen Stimmzettel.<\/p>\n<p><img loading=\"lazy\" decoding=\"async\" class=\"alignleft size-medium wp-image-1410\" src=\"https:\/\/amt-doberan-land.de\/leichte-sprache\/wp-content\/uploads\/Wahl-geheim-cKassing-264x300.png\" alt=\"Ein Mann sitzt in einer Wahlkabine und f\u00fcllt einen Stimmzettel aus.\" width=\"264\" height=\"300\" srcset=\"https:\/\/amt-doberan-land.de\/leichte-sprache\/wp-content\/uploads\/Wahl-geheim-cKassing-264x300.png 264w, https:\/\/amt-doberan-land.de\/leichte-sprache\/wp-content\/uploads\/Wahl-geheim-cKassing.png 396w\" sizes=\"(max-width: 264px) 100vw, 264px\" \/>Sie nehmen Ihren Stimmzettel und<strong> gehen in eine Wahlkabine.<\/strong><br \/>\nSie machen hier Ihre Kreuze.<br \/>\nWahlen sind geheim.<br \/>\nNur Sie wissen, wen Sie gew\u00e4hlt haben.<br \/>\nNiemand darf zuschauen, wen Sie w\u00e4hlen.<br \/>\nNiemand darf \u00fcberpr\u00fcfen, wen Sie gew\u00e4hlt haben.<br \/>\n<strong>Sie m\u00fcssen niemandem verraten, wen Sie gew\u00e4hlt haben!<\/strong><\/p>\n<p><strong>Sie haben gew\u00e4hlt.<\/strong> Dann falten Sie den Stimmzettel.<br \/>\nSie falten ihn so, dass keiner sehen kann, was Sie gew\u00e4hlt haben.<br \/>\nDann kommt der Stimmzettel in die Wahlurne.<br \/>\nDie Wahlurne ist eine Kiste, in die alle Stimmzettel kommen.<br \/>\nDie Wahlurne sieht so \u00e4hnlich aus wie ein Briefkasten.<\/p>\n<\/div><\/section><\/div>\n<style type=\"text\/css\" data-created_by=\"avia_inline_auto\" id=\"style-css-av-kaphsy90-a1b6b00f155c068f00c2305e1b27cf6b\">\n.flex_column.av-kaphsy90-a1b6b00f155c068f00c2305e1b27cf6b{\nborder-width:2px;\nborder-color:#002860;\nborder-style:solid;\n-webkit-border-radius:0px 0px 0px 0px;\n-moz-border-radius:0px 0px 0px 0px;\nborder-radius:0px 0px 0px 0px;\npadding:30px 30px 30px 30px;\n}\n<\/style>\n<div class='flex_column av-kaphsy90-a1b6b00f155c068f00c2305e1b27cf6b av_one_full  avia-builder-el-8  el_after_av_one_full  el_before_av_one_full  first flex_column_div column-top-margin'     ><section  class='av_textblock_section av-kaphsgk7-6abce8789e1f96a09fd64c9bb91bd8c7'  itemscope=\"itemscope\" itemtype=\"https:\/\/schema.org\/CreativeWork\" ><div class='avia_textblock'  itemprop=\"text\" ><h3><img loading=\"lazy\" decoding=\"async\" class=\"alignnone size-full wp-image-1401\" src=\"https:\/\/amt-doberan-land.de\/leichte-sprache\/wp-content\/uploads\/Ansprechpartner-Frau-2.png\" alt=\"Ihre Ansprechpartnerin im Amt.\" width=\"121\" height=\"184\" \/><\/h3>\n<h3>Haben Sie Frage oder<br \/>\nben\u00f6tigen Sie Hilfe?<\/h3>\n<p>Telefon: 038203 701 54<br \/>\nE-Mail: <a href=\"mailto:info@oberan-land.de\">info@oberan-land.de<\/a><\/p>\n<\/div><\/section><\/div>\n<style type=\"text\/css\" data-created_by=\"avia_inline_auto\" id=\"style-css-av-822vk-866f3f42b7471b3df230d902619f50ec\">\n.flex_column.av-822vk-866f3f42b7471b3df230d902619f50ec{\n-webkit-border-radius:0px 0px 0px 0px;\n-moz-border-radius:0px 0px 0px 0px;\nborder-radius:0px 0px 0px 0px;\npadding:0px 0px 0px 0px;\n}\n<\/style>\n<div class='flex_column av-822vk-866f3f42b7471b3df230d902619f50ec av_one_full  avia-builder-el-10  el_after_av_one_full  avia-builder-el-last  first flex_column_div av-zero-column-padding column-top-margin'     ><section  class='av_textblock_section av-kapi61ro-66636196a92c56cb3f57c28322c52a05'  itemscope=\"itemscope\" itemtype=\"https:\/\/schema.org\/CreativeWork\" ><div class='avia_textblock'  itemprop=\"text\" ><p>[backlink]<\/p>\n<\/div><\/section><\/div>\n<script type=\"text\/javascript\"> toolTips('.classtoolTips4','<img class=\"alignnone size-full wp-image-818\" src=\"https:\/\/www.amt-warnow-west.de\/leichte-sprache\/wp-content\/uploads\/Reisepass-Deutschland.jpg\" alt=\"Das ist ein Reisepass der Bundesrepublik Deutschland.\" width=\"216\" height=\"300\" \/><br\/><br\/>Der deutsche Reisepass ist ein Reisedokument, das f\u00fcr allgemeine Reisen der deutschen Staatsangeh\u00f6rigen ins Ausland ausgegeben wird.'); <\/script><script type=\"text\/javascript\"> toolTips('.classtoolTips5','Das ist ein Personal-Ausweis der Bundesrepublik Deutschland:<br\/><br\/><img class=\"alignnone size-medium wp-image-727\" src=\"https:\/\/www.amt-warnow-west.de\/leichte-sprache\/wp-content\/uploads\/Personalausweis-300x191.jpg\" alt=\"\" width=\"300\" height=\"191\" \/>'); <\/script><script type=\"text\/javascript\"> toolTips('.classtoolTips6','Das ist ein Personal-Ausweis der Bundesrepublik Deutschland:<br\/><br\/><img class=\"alignnone size-full wp-image-790\" src=\"https:\/\/amt-doberan-land.de\/leichte-sprache\/wp-content\/uploads\/Personalausweis.jpg\" alt=\"Ein Personalausweis der Bundesrepublik Deutschland.\" width=\"600\" height=\"381\" \/>'); <\/script>","protected":false},"excerpt":{"rendered":"","protected":false},"author":1,"featured_media":0,"parent":0,"menu_order":0,"comment_status":"closed","ping_status":"closed","template":"","meta":{"footnotes":""},"_links":{"self":[{"href":"https:\/\/amt-doberan-land.de\/leichte-sprache\/wp-json\/wp\/v2\/pages\/968"}],"collection":[{"href":"https:\/\/amt-doberan-land.de\/leichte-sprache\/wp-json\/wp\/v2\/pages"}],"about":[{"href":"https:\/\/amt-doberan-land.de\/leichte-sprache\/wp-json\/wp\/v2\/types\/page"}],"author":[{"embeddable":true,"href":"https:\/\/amt-doberan-land.de\/leichte-sprache\/wp-json\/wp\/v2\/users\/1"}],"replies":[{"embeddable":true,"href":"https:\/\/amt-doberan-land.de\/leichte-sprache\/wp-json\/wp\/v2\/comments?post=968"}],"version-history":[{"count":4,"href":"https:\/\/amt-doberan-land.de\/leichte-sprache\/wp-json\/wp\/v2\/pages\/968\/revisions"}],"predecessor-version":[{"id":1584,"href":"https:\/\/amt-doberan-land.de\/leichte-sprache\/wp-json\/wp\/v2\/pages\/968\/revisions\/1584"}],"wp:attachment":[{"href":"https:\/\/amt-doberan-land.de\/leichte-sprache\/wp-json\/wp\/v2\/media?parent=968"}],"curies":[{"name":"wp","href":"https:\/\/api.w.org\/{rel}","templated":true}]}}